{"id":17,"date":"2018-12-27T12:20:39","date_gmt":"2018-12-27T12:20:39","guid":{"rendered":"https:\/\/pamojah.de\/?page_id=17"},"modified":"2019-07-01T09:32:32","modified_gmt":"2019-07-01T09:32:32","slug":"impressum","status":"publish","type":"page","link":"https:\/\/pamojah.de\/?page_id=17","title":{"rendered":"Impressum"},"content":{"rendered":"\r\n<p><strong>Pamojah e.V.<br \/>Habsburgerstr10<br \/>65189 Wiesbaden.<br \/><br \/>StrId:\u00a0<a>04325080260<\/a><\/strong><\/p>\r\n\r\n\r\n\r\n<p><strong>Tel:\u00a0<a>+49611 4451229<\/a><\/strong><\/p>\r\n\r\n\r\n\r\n<p><strong>Mobil:\u00a0<a>0163 7841134<\/a><\/strong><\/p>\r\n\r\n\r\n\r\n<figure class=\"wp-block-image\"><img decoding=\"async\" src=\"https:\/\/ssl.gstatic.com\/ui\/v1\/icons\/mail\/images\/cleardot.gif\" alt=\"\" \/><\/figure>\r\n\r\n\r\n\r\n<p><strong><a href=\"https:\/\/deref-web-02.de\/mail\/client\/FEZNTvcMAKw\/dereferrer\/?redirectUrl=http%3A%2F%2Fwww.facebook.com%2Fpamojah.movement\" target=\"_blank\" rel=\"noreferrer noopener\">www.facebook.com\/pamojah.movement<\/a><\/strong><\/p>\r\n\r\n\r\n\r\n<h1 class=\"wp-block-heading\">Datenschutz<\/h1>\r\n\r\n\r\n\r\n<p>Der Schutz Ihrer Daten ist uns ein wichtiges Anliegen. Wir sch\u00fctzen Ihre Daten im Rahmen der gesetzlichen Vorschriften. Hier finden Sie Informationen, welche Daten w\u00e4hrend Ihres Besuchs auf unserem Internetangebot erfasst und wie diese gespeichert und genutzt werden.<\/p>\r\n\r\n\r\n\r\n<h2 class=\"wp-block-heading\">Daten\u00fcbermittlung und -protokollierung zu systeminternen und statistischen Zwecken<\/h2>\r\n\r\n\r\n\r\n<p>Ihr Internet-Browser \u00fcbermittelt beim Zugriff auf unsere Webseite aus technischen Gr\u00fcnden automatisch Daten an unseren Webserver. Es handelt sich dabei unter anderem um:<\/p>\r\n\r\n\r\n\r\n<ul class=\"wp-block-list\">\r\n<li>Datum und Uhrzeit des Zugriffs auf unseren Server,<\/li>\r\n<li>die URL der zuvor besuchten Webseite (Referrer),<\/li>\r\n<li>die URL der abgerufenen Datei,<\/li>\r\n<li>die Menge der gesendeten Daten,<\/li>\r\n<li>Browsertyp und \u2013version und Betriebssystem<\/li>\r\n<\/ul>\r\n\r\n\r\n\r\n<p>Diese Daten werden auf den Servern unseres Provider BelieveIN, getrennt von anderen Daten, die Sie im Rahmen der Nutzung unseres Angebotes eingeben gespeichert. Diese Daten werden maximal ein Jahr archiviert. Eine Zuordnung dieser Daten zu einer bestimmten Person sind nicht m\u00f6glich. Ihre IP-Adresse wird lediglich im Zusammenhang mit einer Anmeldung zu unserem Newsletter protokolliert und gespeichert.<\/p>\r\n\r\n\r\n\r\n<h2 class=\"wp-block-heading\">Erhebung und Verwendung von personenbezogenen Informationen<\/h2>\r\n\r\n\r\n\r\n<p>Sie k\u00f6nnen diese Website grunds\u00e4tzlich ohne Offenlegung Ihrer personenbezogenen Daten nutzen. Darunter versteht man Daten, die dazu genutzt werden k\u00f6nnen, Ihre Identit\u00e4t offenzulegen, wie zum Beispiel Ihr Name, Ihre Post- oder Ihre E-Mail-Adresse. Es findet keine personenbezogene Auswertung der Informationen statt, die unser Provider durch den Aufruf dieser Website erlangt. Jegliche Angabe personenbezogener Daten auf dieser Website durch Sie erfolgt auf freiwilliger Basis.<\/p>\r\n\r\n\r\n\r\n<p>Grunds\u00e4tzlich werden Ihre Daten, die Sie \u00fcber unsere Online-Formulare \u00fcbermitteln, sicher und verschl\u00fcsselt an uns \u00fcbertragen. Dadurch kann ein Zugriff durch unbefugte Dritte ausgeschlossen werden.<\/p>\r\n\r\n\r\n\r\n<p>Pamojah e.V. erheben von Spendern und Interessenten solche personenbezogenen Daten, die f\u00fcr die Zwecke der Spendengewinnung und Spendenverwaltung oder f\u00fcr die Bearbeitung von Anfragen erforderlich sind: hierzu z\u00e4hlt z.B. die Anmeldung zu einer Patenschaft, eine Online-Spende, die Anmeldung zum Newsletter oder die Teilnahme an einem Gewinnspiel. Ihre Adresse und mit Ihrer Einwilligung auch Ihre E-Mailadresse und Telefonnummer, nutzen wir im Rahmen der Richtlinien des Bundesdatenschutzgesetz\u00a0 auch dazu, um Ihnen Ihre (Jahres-)Spendenbescheinigung und Informationen \u00fcber unsere gemeinn\u00fctzige Arbeit zuzusenden.<\/p>\r\n\r\n\r\n\r\n<h2 class=\"wp-block-heading\">Weitergabe von personenbezogenen Informationen an Dritte<\/h2>\r\n\r\n\r\n\r\n<p>Pers\u00f6nliche Daten werden nicht an Gesellschaften oder Organisationen verteilt, weitergegeben, verliehen oder verkauft, die nicht Teil der Organisationsstruktur der Pamojah e.V. sind. F\u00fcr den Fall, dass Dritte f\u00fcr verwaltungstechnische Dienstleistungen wie zum Beispiel die Kreditkartenbearbeitung herbeigezogen werden, werden diese Dienstleistungen nur unter der Voraussetzung zugekauft, dass alle pers\u00f6nlichen Informationen streng vertraulich behandelt, ausschlie\u00dflich zum Zwecke der beauftragten Dienstleistungen und im Sinne der Pamojah e.V. weltweit verwendet werden.<\/p>\r\n\r\n\r\n\r\n<h2 class=\"wp-block-heading\">Offenlegung von Nutzungsdaten und\/oder personenbezogenen Daten<\/h2>\r\n\r\n\r\n\r\n<p>Auf Anordnung der zust\u00e4ndigen Stellen d\u00fcrfen wir im Einzelfall Auskunft \u00fcber durch unseren Provider oder durch die Pamojah e.V. weltweit gespeicherten Daten erteilen, soweit dies f\u00fcr Zwecke der Strafverfolgung, zur Gefahrenabwehr, zur Erf\u00fcllung der gesetzlichen Aufgaben der Verfassungsschutzbeh\u00f6rden oder zur Durchsetzung der Rechte am geistigen Eigentum erforderlich ist.<br \/>Dies ist auch der Fall, wenn wir Grund zur Annahme haben, dass eine Verletzung oder eine missbr\u00e4uchliche Verwendung unserer Website vorliegt. In diesen F\u00e4llen behalten wir uns das Recht vor, die entsprechend notwendigen pers\u00f6nlichen Informationen oder die beh\u00f6rdlich geforderten Informationen offen zu legen.<\/p>\r\n\r\n\r\n\r\n<h2 class=\"wp-block-heading\">Cookies<\/h2>\r\n\r\n\r\n\r\n<p>Wir verwenden so genannte Cookies, um den Funktionsumfang unseres Internetangebotes zu erweitern, um die Nutzung f\u00fcr Sie komfortabler zu gestalten und um unsere Werbekampagnen zu messen und zu optimieren. Dazu messen wir auch anonym das Nutzerverhalten (z.B. Mausbewegungen, Klicks, Scrollh\u00f6he etc.) auf unseren Internetseiten und werten dieses aus. Mit Hilfe dieser Cookies k\u00f6nnen bei dem Aufruf unserer Website Daten auf Ihrem Rechner gespeichert werden. Sie haben die M\u00f6glichkeit, das Abspeichern von Cookies auf Ihrem Rechner durch entsprechende Einstellungen in Ihrem Browser grunds\u00e4tzlich zu verhindern. Hierdurch kann allerdings der Funktionsumfang unseres Angebotes eingeschr\u00e4nkt werden und bestimmte Dienste k\u00f6nnen von Ihnen nicht mehr genutzt werden.<\/p>\r\n\r\n\r\n\r\n<p>Unsere Website verwendet verschiedene Arten von Cookies.<\/p>\r\n\r\n\r\n\r\n<h3 class=\"wp-block-heading\">1.\u00a0\u00a0 \u00a0F\u00fcr die Nutzung der Website erforderliche Cookies<\/h3>\r\n\r\n\r\n\r\n<p>Diese anonymen Cookies sind f\u00fcr die Benutzung der Website erforderlich. Sie werden z.B. f\u00fcr bestimmte Funktionen in den Spenden- und Kontaktformularen der Website verwendet. Wenn Sie diese Cookies deaktivieren, kann es zu funktionalen Einschr\u00e4nkung bei der Nutzung der Website kommen.<\/p>\r\n\r\n\r\n\r\n<h3 class=\"wp-block-heading\">2.\u00a0\u00a0 \u00a0Performance-Cookies<\/h3>\r\n\r\n\r\n\r\n<p>Performance-Cookies (Leistungs-Cookies) sind anonyme Cookies, die uns bei der Optimierung der Website helfen. Sie erm\u00f6glichen es uns, unsere Website zu analysieren, zu optimieren, Inhalte schneller zu \u00fcbertragen, technisch leistungsst\u00e4rker zu machen und eventuell auftretende technische Probleme zu erkennen. Beispiele daf\u00fcr sind Cookies, die die Auslieferung der Website \u00fcber Loadbalancer steuern oder Cookies f\u00fcr Webanalyse-Programme wie Adobe Analytics.<\/p>\r\n\r\n\r\n\r\n<p>Cookies f\u00fcr Webanalyse-Programme sammeln und speichern Daten in anonymisierter Form zu Marketing- und Optimierungszwecken. Aus diesen Daten werden unter einem Pseudonym Nutzungsprofile erstellt. Hierzu k\u00f6nnen auch Cookies eingesetzt werden, die allerdings Daten ausschlie\u00dflich in pseudonymer Form sammeln und speichern. Die Daten werden nicht dazu benutzt, den Besucher dieser Website pers\u00f6nlich zu identifizieren und werden nicht mit Daten \u00fcber den Tr\u00e4ger des Pseudonyms zusammengef\u00fchrt.<\/p>\r\n\r\n\r\n\r\n<p>Der Datensammlung und -speicherung f\u00fcr Webanalyse und -optimierung kann jederzeit mit Wirkung f\u00fcr die Zukunft widersprochen werden:<\/p>\r\n\r\n\r\n\r\n<ul class=\"wp-block-list\">\r\n<li>Der Sammlung und Erfassung von Daten durch Adobe Analytics k\u00f6nnen Sie hier widersprechen:\u00a0<strong><a href=\"https:\/\/www.sos-kinderdoerfer.de\/extra\/datenschutz#\">Opt Out<\/a><\/strong><\/li>\r\n<li>Der Sammlung und Erfassung von Daten durch Visual Website Optimizer k\u00f6nnen Sie hier widersprechen:\u00a0<strong><a href=\"https:\/\/www.sos-kinderdoerfer.de\/\">Opt out<\/a><\/strong><\/li>\r\n<\/ul>\r\n\r\n\r\n\r\n<p>Durch Klick auf \u201eOpt-out\u201c wird auf Ihrem Rechner ein anonymes Ausschluss-Cookie gesetzt. Bitte beachten Sie, dass dieser Opt-out daher ger\u00e4teabh\u00e4ngig ist und nur so lange besteht, solange Sie das Ausschluss-Cookie nicht l\u00f6schen.<\/p>\r\n\r\n\r\n\r\n<h2 class=\"wp-block-heading\" id=\"patenschaft\">Keine Haftung f\u00fcr Webseiten Dritter<\/h2>\r\n\r\n\r\n\r\n<p>Pamojah e.V. weltweit k\u00f6nnen ihre Website mit Webseiten Dritter verkn\u00fcpfen, um eine besondere Dienstleistung oder ausf\u00fchrlichere Informationen zu einem bestimmten Thema zur Verf\u00fcgung zu stellen. Unsere Erkl\u00e4rungen zum Datenschutz und zur Datensicherheit gelten jedoch nicht mehr, sobald Sie unsere Website verlassen. Es ist uns nicht m\u00f6glich, die Informationen, die auf extern verkn\u00fcpften Websites \u00fcber Sie erfasst werden, noch die Verwendung derselben zu \u00fcberwachen. Lesen Sie die Grunds\u00e4tze, die f\u00fcr die Websites Dritter gelten, in deren jeweiligen Erkl\u00e4rungen betreffend Datenschutz und Datensicherheit nach.<\/p>\r\n\r\n\r\n\r\n<h2 class=\"wp-block-heading\">Datenschutzrichtlinien f\u00fcr Pamojah e.V. -Patenschaften<\/h2>\r\n\r\n\r\n\r\n<p>Pamojah e.V. ber\u00fccksichtigen die Vorgaben der EU-Datenschutz-Grundverordnung (DSGVO) und der UN-Kinderrechtskonvention.<br \/><br \/><strong>In diesem Zusammenhang informieren wir Sie \u00fcber folgende Sachverhalte:<\/strong><\/p>\r\n\r\n\r\n\r\n<h3 class=\"wp-block-heading\">Zu den Daten der Pamojah e.V. :<\/h3>\r\n\r\n\r\n\r\n<p>Die W\u00fcrde der Patenkinder hat f\u00fcr uns einen hohen Stellenwert. Behandeln Sie deshalb alle personenbezogenen Daten, die Sie \u00fcber SOS-Kinder und Pamojah e.V. erfahren vertraulich. Publizieren Sie diese nicht in sozialen Netzwerken oder anderweitig \u00f6ffentlich.\u00a0<\/p>\r\n\r\n\r\n\r\n<h3 class=\"wp-block-heading\">Zu den Daten der Paten:<\/h3>\r\n\r\n\r\n\r\n<p>Auch Ihre Daten werden von uns verantwortungsvoll behandelt. Folgendes wird bei uns registriert:<br \/>Name und Adresse, ggf. auch Telefonnummer, E-Mail-Adresse und Geburtsdatum der Paten, Kind oder Dorf f\u00fcr das die Patenschaft besteht, Konto- und Zahlungsdaten der Paten.\u00a0<br \/>Diese Daten sind f\u00fcr die zust\u00e4ndigen Mitarbeiter bei Pamojah e.V. einsehbar. Name und Adresse (sowie ggf. E-Mail-Adresse) werden f\u00fcr die Patenkorrespondenz vom nationalen B\u00fcro Ihres Patenlandes genutzt. Sonst werden von uns keine Informationen \u00fcber Paten an Dritte weitergegeben, die nicht in unserem Auftrag t\u00e4tig sind.<\/p>\r\n\r\n\r\n\r\n<p>Alle mit Daten der Kinder und der Paten befassten Pamojah e.V. werden zur Einhaltung der Datenschutzbestimmungen geschult und verpflichtet. Die Datenerhebung und Datenverarbeitung ist f\u00fcr die Durchf\u00fchrung der Vertragsbeziehung erforderlich und beruht auf Artikel 6 Abs. 1 a) und b) DSGVO. Gem\u00e4\u00df Artikel 15 DSGVO haben Sie jederzeit das Recht, Auskunft \u00fcber die zu Ihrer Person gespeicherten pers\u00f6nlichen Daten zu erhalten. Sie k\u00f6nnen jederzeit gem\u00e4\u00df Artikel 16 ff. DSGVO die Berichtigung, L\u00f6schung und Sperrung einzelner personenbezogener Daten verlangen. Die vollst\u00e4ndige Datenschutz-Information k\u00f6nnen Sie in den Gesch\u00e4ftsr\u00e4umen oder im Internet auf der Datenschutzerkl\u00e4rung unter www.sos-kinderdoerfer.de einsehen.<\/p>\r\n\r\n\r\n\r\n<p>Bei R\u00fcckfragen wenden Sie sich bitte an unser Patenteam unter Telefon <strong><a>+49611 4451229<\/a><\/strong> oder <strong>pamojah1@gmail.com<\/strong>.<\/p>\r\n\r\n\r\n\r\n<h2 class=\"wp-block-heading\">Angaben zu weiteren Datenverarbeitungsverfahren<\/h2>\r\n\r\n\r\n\r\n<h2 class=\"wp-block-heading\">Information der Betroffenen gem\u00e4\u00df Artikel 13 und Artikel 14 EU-Datenschutzgrundverordnung<\/h2>\r\n\r\n\r\n\r\n<h3 class=\"wp-block-heading\">Spezifische Angaben zum Bewerbungsverfahren<\/h3>\r\n\r\n\r\n\r\n<p><strong>Betroffene Daten:\u00a0\u00a0\u00a0\u00a0<\/strong>\u00a0\u00a0\u00a0\u00a0\u00a0\u00a0\u00a0\u00a0\u00a0\u00a0\u00a0\u00a0\u00a0<\/p>\r\n\r\n\r\n\r\n<ul class=\"wp-block-list\">\r\n<li>Bewerbungsangaben<\/li>\r\n<\/ul>\r\n\r\n\r\n\r\n<p><strong>Verarbeitungszweck:\u00a0\u00a0\u00a0<\/strong>\u00a0\u00a0\u00a0\u00a0\u00a0\u00a0\u00a0\u00a0\u00a0<\/p>\r\n\r\n\r\n\r\n<ul class=\"wp-block-list\">\r\n<li>Durchf\u00fchrung Bewerbungsverfahren<\/li>\r\n<\/ul>\r\n\r\n\r\n\r\n<p><strong>Kategorien von Empf\u00e4ngern:<\/strong><\/p>\r\n\r\n\r\n\r\n<ul class=\"wp-block-list\">\r\n<li>\u00d6ffentliche Stellen bei Vorliegen vorrangiger Rechtsvorschriften.<\/li>\r\n<li>Externe Dienstleister oder sonstige Auftragnehmer, u.a. zur Datenverarbeitung und Hosting.<\/li>\r\n<li>Weitere externe Stellen soweit der Betroffene seine Einwilligung erteilt hat oder eine \u00dcbermittlung aus \u00fcberwiegendem Interesse zul\u00e4ssig ist, u.a. Kunden und Interessenten im Rahmen der Auftragsakquise.<\/li>\r\n<\/ul>\r\n\r\n\r\n\r\n<p><strong>Drittlandtransfers:\u00a0\u00a0\u00a0\u00a0\u00a0\u00a0\u00a0\u00a0<\/strong>\u00a0\u00a0\u00a0\u00a0\u00a0\u00a0\u00a0\u00a0<\/p>\r\n\r\n\r\n\r\n<ul class=\"wp-block-list\">\r\n<li>Im Rahmen der Vertragsdurchf\u00fchrung k\u00f6nnen auch Auftragsverarbeiter au\u00dferhalb der Europ\u00e4ischen Union zum Einsatz kommen.<\/li>\r\n<\/ul>\r\n\r\n\r\n\r\n<p><strong>Dauer Datenspeicherung:\u00a0\u00a0\u00a0\u00a0\u00a0<\/strong><\/p>\r\n\r\n\r\n\r\n<ul class=\"wp-block-list\">\r\n<li>Bewerbungsdaten werden nach Mitteilung der Entscheidung in der Regel binnen vier Monaten gel\u00f6scht, soweit nicht eine Einwilligung in eine l\u00e4ngere Datenspeicherung im Rahme der Aufnahme in den Bewerberpool vorliegt.<\/li>\r\n<\/ul>\r\n\r\n\r\n\r\n<h3 class=\"wp-block-heading\">Spezifische Angaben zur Verarbeitung von Kundendaten\/Interessentendaten<\/h3>\r\n\r\n\r\n\r\n<p><strong>Betroffene Daten:\u00a0\u00a0\u00a0\u00a0\u00a0<\/strong>\u00a0\u00a0\u00a0\u00a0\u00a0\u00a0\u00a0\u00a0\u00a0\u00a0\u00a0\u00a0<\/p>\r\n\r\n\r\n\r\n<ul class=\"wp-block-list\">\r\n<li>Zur Vertragsdurchf\u00fchrung mitgeteilte Daten; ggfs. Dar\u00fcber hinaus gehende Daten zur Verarbeitung auf Basis Ihrer ausdr\u00fccklichen Einwilligung.<\/li>\r\n<\/ul>\r\n\r\n\r\n\r\n<p><strong>Verarbeitungszweck:\u00a0<\/strong>\u00a0\u00a0\u00a0\u00a0\u00a0\u00a0\u00a0\u00a0\u00a0\u00a0\u00a0\u00a0<\/p>\r\n\r\n\r\n\r\n<ul class=\"wp-block-list\">\r\n<li>Vertragsdurchf\u00fchrung, u.a. Angebote, Auftr\u00e4ge, Verkauf und Rechnungsstellung, Qualit\u00e4tssicherung<\/li>\r\n<li>Kategorien von Empf\u00e4ngern: \u00d6ffentliche Stellen bei Vorliegen vorrangiger Rechtsvorschriften<\/li>\r\n<li>Externe Dienstleister oder sonstige Auftragnehmer.<\/li>\r\n<li>Weitere externe Stellen soweit der Betroffene seine Einwilligung erteilt hat oder eine \u00dcbermittlung aus \u00fcberwiegendem Interesse zul\u00e4ssig ist.<\/li>\r\n<\/ul>\r\n\r\n\r\n\r\n<p><strong>Drittlandtransfers:\u00a0\u00a0\u00a0\u00a0\u00a0\u00a0\u00a0\u00a0\u00a0\u00a0<\/strong>\u00a0\u00a0\u00a0\u00a0\u00a0\u00a0<\/p>\r\n\r\n\r\n\r\n<ul class=\"wp-block-list\">\r\n<li>Im Rahmen der Vertragsdurchf\u00fchrung k\u00f6nnen auch Auftragsverarbeiter au\u00dferhalb der Europ\u00e4ischen Union zum Einsatz kommen.<\/li>\r\n<\/ul>\r\n\r\n\r\n\r\n<p><strong>Dauer Datenspeicherung:\u00a0<\/strong>\u00a0\u00a0\u00a0\u00a0<\/p>\r\n\r\n\r\n\r\n<ul class=\"wp-block-list\">\r\n<li>Die Dauer der Datenspeicherung richtet sich nach den gesetzlichen Aufbewahrungspflichten und betr\u00e4gt in der Regel 10 Jahre.<\/li>\r\n<\/ul>\r\n\r\n\r\n\r\n<h3 class=\"wp-block-heading\">Spezifische Angaben zur Verarbeitung von Besch\u00e4ftigtendaten<\/h3>\r\n\r\n\r\n\r\n<p><strong>Betroffene Daten:\u00a0\u00a0<\/strong>\u00a0\u00a0\u00a0\u00a0\u00a0\u00a0\u00a0\u00a0\u00a0\u00a0\u00a0\u00a0\u00a0\u00a0\u00a0<\/p>\r\n\r\n\r\n\r\n<ul class=\"wp-block-list\">\r\n<li>Zur Vertragsdurchf\u00fchrung mitgeteilte Daten; ggfs. dar\u00fcber hinaus gehende Daten zur Verarbeitung auf Basis Ihrer ausdr\u00fccklichen Einwilligung.<\/li>\r\n<li>\u00a0<\/li>\r\n<\/ul>\r\n\r\n\r\n\r\n<p><strong>Verarbeitungszweck:\u00a0<\/strong>\u00a0\u00a0\u00a0\u00a0\u00a0\u00a0\u00a0\u00a0\u00a0\u00a0\u00a0\u00a0<\/p>\r\n\r\n\r\n\r\n<ul class=\"wp-block-list\">\r\n<li>Vertragsdurchf\u00fchrung im Rahmen des Besch\u00e4ftigungsverh\u00e4ltnisses<\/li>\r\n<\/ul>\r\n\r\n\r\n\r\n<p><strong>Kategorien von Empf\u00e4ngern:<\/strong><\/p>\r\n\r\n\r\n\r\n<ul class=\"wp-block-list\">\r\n<li>\u00d6ffentliche Stellen bei Vorliegen vorrangiger Rechtsvorschriften, u.a. Finanzamt, Sozialversicherungstr\u00e4ger, Berufsgenossenschaft<\/li>\r\n<li>Externe Dienstleister oder sonstige Auftragnehmer, u.a. zur Datenverarbeitung und Hosting, zur Entgeltabrechnung, zur Reisekostenabrechnung, zu Versicherungsleistungen, zur Fahrzeugnutzung.<\/li>\r\n<li>Weitere externe Stellen soweit der Betroffene seine Einwilligung erteilt hat oder eine \u00dcbermittlung aus \u00fcberwiegendem Interesse zul\u00e4ssig ist, u.a. zur Auftragsakquise, zu Versicherungsleistungen.<\/li>\r\n<\/ul>\r\n\r\n\r\n\r\n<p><strong>Drittlandtransfers:\u00a0\u00a0\u00a0<\/strong>\u00a0\u00a0\u00a0\u00a0\u00a0\u00a0\u00a0\u00a0\u00a0\u00a0\u00a0\u00a0\u00a0<\/p>\r\n\r\n\r\n\r\n<ul class=\"wp-block-list\">\r\n<li>Im Rahmen der Vertragsdurchf\u00fchrung k\u00f6nnen auch Auftragsverarbeiter au\u00dferhalb der Europ\u00e4ischen Union zum Einsatz kommen.<\/li>\r\n<\/ul>\r\n\r\n\r\n\r\n<p><strong>Dauer Datenspeicherung:\u00a0\u00a0\u00a0\u00a0<\/strong>\u00a0<\/p>\r\n\r\n\r\n\r\n<ul class=\"wp-block-list\">\r\n<li>Die Dauer der Datenspeicherung richtet sich nach den gesetzlichen Aufbewahrungspflichten und betr\u00e4gt in der Regel 10 Jahre.<\/li>\r\n<\/ul>\r\n\r\n\r\n\r\n<h3 class=\"wp-block-heading\">Spezifische Angaben zur Verarbeitung von Lieferantendaten<\/h3>\r\n\r\n\r\n\r\n<p><strong>Betroffene Daten:<\/strong><\/p>\r\n\r\n\r\n\r\n<ul class=\"wp-block-list\">\r\n<li>Zur Vertragsdurchf\u00fchrung mitgeteilte Daten; ggfs. dar\u00fcber hinaus gehende Daten zur Verarbeitung auf Basis Ihrer ausdr\u00fccklichen Einwilligung.<\/li>\r\n<li>\u00a0<\/li>\r\n<\/ul>\r\n\r\n\r\n\r\n<p><strong>Verarbeitungszweck:<\/strong><\/p>\r\n\r\n\r\n\r\n<ul class=\"wp-block-list\">\r\n<li>Vertragsdurchf\u00fchrung, u.a. Anfragen, Einkauf, Qualit\u00e4tssicherung<\/li>\r\n<\/ul>\r\n\r\n\r\n\r\n<p><strong>Kategorien von Empf\u00e4ngern:<\/strong><\/p>\r\n\r\n\r\n\r\n<ul class=\"wp-block-list\">\r\n<li>\u00d6ffentliche Stellen bei Vorliegen vorrangiger Rechtsvorschriften, u.a. Finanzamt, Zoll<\/li>\r\n<li>Externe Dienstleister oder sonstige Auftragnehmer, u.a. zur Datenverarbeitung und Hosting, Buchhaltung, Zahlungsabwicklung<\/li>\r\n<li>Weitere externe Stellen soweit der Betroffene seine Einwilligung erteilt hat oder eine \u00dcbermittlung aus \u00fcberwiegendem Interesse zul\u00e4ssig ist.<\/li>\r\n<\/ul>\r\n\r\n\r\n\r\n<p><strong>Drittlandtransfers:<\/strong><\/p>\r\n\r\n\r\n\r\n<ul class=\"wp-block-list\">\r\n<li>Im Rahmen der Vertragsdurchf\u00fchrung k\u00f6nnen auch Auftragsverarbeiter au\u00dferhalb der Europ\u00e4ischen Union zum Einsatz kommen.<\/li>\r\n<\/ul>\r\n\r\n\r\n\r\n<p><strong>Dauer Datenspeicherung:<\/strong><\/p>\r\n\r\n\r\n\r\n<ul class=\"wp-block-list\">\r\n<li>Die Dauer der Datenspeicherung richtet sich nach den gesetzlichen Aufbewahrungspflichten und betr\u00e4gt in der Regel 10 Jahre.<\/li>\r\n<\/ul>\r\n\r\n\r\n\r\n<ul class=\"wp-block-list\">\r\n<li>\u00a0<\/li>\r\n<\/ul>\r\n\r\n\r\n\r\n<ul class=\"wp-block-list\">\r\n<li>\u00a0<\/li>\r\n<\/ul>\r\n\r\n\r\n\r\n<h2 class=\"wp-block-heading\">Auskunftsrecht und Widerspruch<\/h2>\r\n\r\n\r\n\r\n<p>Als Nutzer unseres Internetangebotes haben Sie das Recht, von uns Auskunft \u00fcber die zu Ihrer Person oder zu Ihrem Pseudonym gespeicherten Daten zu verlangen.<\/p>\r\n\r\n\r\n\r\n<p>Wenn Sie Auskunft \u00fcber die \u00fcber Sie gespeicherten Daten w\u00fcnschen oder Ihre Daten gel\u00f6scht werden sollen oder Sie die vorliegende Datenschutzerkl\u00e4rung widerrufen m\u00f6chten, kontaktieren Sie bitte uns unter Telefon <strong><a>+49611 4451229<\/a><\/strong> oder schicken Sie uns eine E-Mail an\u00a0<strong>pamojah1@gmail.com<\/strong> Auf Ihr Verlangen kann die Auskunft auch elektronisch erteilt werden.<\/p>\r\n\r\n\r\n\r\n<p>Datenschutzbeauftragter der Pamojah e.V.:<\/p>\r\n\r\n\r\n\r\n<p>Abdul Yusuf<br \/><strong>Habsburgerstr10<\/strong><br \/><strong>65189 Wiesbaden<\/strong><br \/>Tel: <strong><a>+49611 4451229<\/a><\/strong><br \/>Email:\u00a0<strong>pamojah1@gmail.com<\/strong><\/p>\r\n\r\n\r\n\r\n<p>Sie k\u00f6nnen jederzeit aus Gr\u00fcnden, die sich aus ihrer besonderen Situation ergeben, gegen die Verarbeitung ihrer Daten zur Wahrung berechtigter Interessen Widerspruch erheben (Art. 21 Abs. 1 DSGVO). Sie k\u00f6nnen gegen die Verarbeitung ihrer Daten f\u00fcr Zwecke der Direktwerbung Widerspruch erheben (Art. 21 Abs. 2 DSGVO).<\/p>\r\n\r\n\r\n\r\n<p>Sie haben das Recht zur Beschwerde bei einer Aufsichtsbeh\u00f6rde (Art. 77 DSGVO), wenn Sie der Ansicht sind, dass die Verarbeitung Ihrer Daten gegen das Datenschutzrecht verst\u00f6\u00dft. Die f\u00fcr Pamojah e.V. \u00f6rtlich zust\u00e4ndige Aufsichtsbeh\u00f6rde ist:<\/p>\r\n\r\n\r\n\r\n<p>Hessisches Landesamt f\u00fcr Datenschutzaufsicht, Postfach 3163<br \/>65021 Wiesbaden Deutschland https:\/\/datenschutz.hessen.de<\/p>\r\n","protected":false},"excerpt":{"rendered":"<p>Pamojah e.V.Habsburgerstr1065189 Wiesbaden. StrId:\u00a004325080260 Tel:\u00a0+49611 4451229 Mobil:\u00a00163 7841134 www.facebook.com\/pamojah.movement Datenschutz Der Schutz Ihrer Daten ist uns ein wichtiges Anliegen. Wir sch\u00fctzen Ihre Daten im Rahmen der gesetzlichen Vorschriften. Hier finden Sie Informationen, welche Daten w\u00e4hrend Ihres Besuchs auf unserem Internetangebot erfasst und wie diese gespeichert und genutzt werden. Daten\u00fcbermittlung und -protokollierung zu systeminternen und statistischen [&hellip;]<\/p>\n","protected":false},"author":1,"featured_media":0,"parent":0,"menu_order":0,"comment_status":"closed","ping_status":"closed","template":"","meta":{"footnotes":""},"class_list":["post-17","page","type-page","status-publish","hentry"],"_links":{"self":[{"href":"https:\/\/pamojah.de\/index.php?rest_route=\/wp\/v2\/pages\/17","targetHints":{"allow":["GET"]}}],"collection":[{"href":"https:\/\/pamojah.de\/index.php?rest_route=\/wp\/v2\/pages"}],"about":[{"href":"https:\/\/pamojah.de\/index.php?rest_route=\/wp\/v2\/types\/page"}],"author":[{"embeddable":true,"href":"https:\/\/pamojah.de\/index.php?rest_route=\/wp\/v2\/users\/1"}],"replies":[{"embeddable":true,"href":"https:\/\/pamojah.de\/index.php?rest_route=%2Fwp%2Fv2%2Fcomments&post=17"}],"version-history":[{"count":4,"href":"https:\/\/pamojah.de\/index.php?rest_route=\/wp\/v2\/pages\/17\/revisions"}],"predecessor-version":[{"id":274,"href":"https:\/\/pamojah.de\/index.php?rest_route=\/wp\/v2\/pages\/17\/revisions\/274"}],"wp:attachment":[{"href":"https:\/\/pamojah.de\/index.php?rest_route=%2Fwp%2Fv2%2Fmedia&parent=17"}],"curies":[{"name":"wp","href":"https:\/\/api.w.org\/{rel}","templated":true}]}}