{"id":21,"date":"2018-12-27T12:21:15","date_gmt":"2018-12-27T12:21:15","guid":{"rendered":"https:\/\/pamojah.de\/?page_id=21"},"modified":"2024-07-08T09:34:33","modified_gmt":"2024-07-08T09:34:33","slug":"about","status":"publish","type":"page","link":"https:\/\/pamojah.de\/?page_id=21","title":{"rendered":"About"},"content":{"rendered":"\n<p>&lt;p&gt;Pamojah ist ein ostafrikanisches Wort aus dem swahilischem Sprachgebrauch mit der Bedeutung Zusammenhalt und Einigkeit.&lt;!&#8211; \/wp:paragraph &#8211;&gt;&lt;!&#8211; wp:paragraph &#8211;&gt;Wir haben es uns zur Aufgabe gemacht diesem Wort Taten folgen zulassen. Durch diverse Veranstaltungen wie z. B. Live- Konzerte, Festivals und andere Benefiz Aktionen versuchen wir Menschen aus unterschiedlicher Herkunft und Rasse zusammen zu bringen. Der Verein ist selbstlos t\u00e4tig, er verfolgt nicht in erster Linie eigen wirtschaftliche Zwecke. Mit dem Erl\u00f6s versuchen wir eigen Initiierte Projekte in Deutschland, Afrika und karibischem Raum zu unterst\u00fctzen. Unser Schwerpunkt und ein besonders pers\u00f6nliches Anliegen ist es uns f\u00fcr hilfsbed\u00fcrftige Menschen und benachteiligte Kinder einzusetzen. Mit unserem aktuellen Projekt helfen wir Kindern aus Nairobi\/Kenia die durch den Fu\u00dfballverein Pumwani United dem Alltag den Slums entkommen und durch den Sport die Motivation auf eine bessere perspektive auf die Zukunft erhalten.&lt;!&#8211; \/wp:paragraph &#8211;&gt;&lt;!&#8211; wp:paragraph &#8211;&gt;Gerne nehmen wir hierf\u00fcr auch Sachspenden entgegen wie z. B. die Kindertrikots f\u00fcr die gesamte Fu\u00dfballmannschaft (Pumwani) vom Wiesbadener Fu\u00dfballverein SV Nassau.&lt;!&#8211; \/wp:paragraph &#8211;&gt;&lt;!&#8211; wp:paragraph &#8211;&gt;Am 3. September 2011 war es uns m\u00f6glich ein Reggae- Festival mit dem Namen \u201eSummer-Lock-Up\u201c in Mainz zu veranstalten. Zahlreiche internationale K\u00fcnstler verbreiteten mit ihrer Musik unsere Botschaft.&lt;!&#8211; \/wp:paragraph &#8211;&gt;&lt;!&#8211; wp:paragraph &#8211;&gt;1. Gr\u00fcnder und 1. Vorstandsmitglied\u201a Abdul Yusuf\u2018 selbst ist in Nairobi\/Kenia, Pumwani\/Majengo aufgewachsen, kann sich dadurch besonders gut in die besondere Lage der bed\u00fcrftigen Menschen hinein versetzen.&lt;!&#8211; \/wp:paragraph &#8211;&gt;&lt;!&#8211; wp:paragraph &#8211;&gt;Wir w\u00fcrden uns freuen neue zahlreiche Mitglieder begr\u00fc\u00dfen zu d\u00fcrfen, denn unser Verein kann nur durch aktive Mitgliedschaft, Spendengelder und Sachspenden am Leben erhalten werden.&lt;!&#8211; \/wp:paragraph &#8211;&gt;&lt;!&#8211; wp:paragraph &#8211;&gt;Der Mitgliedsbeitrag betr\u00e4gt 120 \u20ac im Jahr.&lt;br \/&gt;Unser Verein ist als gemeinn\u00fctzig anerkannt und steuerabzugsf\u00e4hig:&lt;!&#8211; \/wp:paragraph &#8211;&gt;&lt;!&#8211; wp:paragraph &#8211;&gt;Pamojah e. V.&lt;!&#8211; \/wp:paragraph &#8211;&gt;&lt;!&#8211; wp:paragraph &#8211;&gt;Vielen Dank f\u00fcr eure Unterst\u00fctzung!&lt;!&#8211; \/wp:paragraph &#8211;&gt;&lt;!&#8211; \/wp:paragraph &#8211;&gt;Commerzbank AG&lt;!&#8211; wp:paragraph &#8211;&gt;IBAN: DE65 5104 0038 0530 7699 00 BIC: COBADEFFXXX&lt;!&#8211; \/wp:paragraph &#8211;&gt;&lt;!&#8211; wp:separator &#8211;&gt;&lt;!&#8211; \/wp:separator &#8211;&gt;&lt;!&#8211; wp:button {&#8220;align&#8221;:&#8221;center&#8221;} &#8211;&gt;&lt;a class=&#8221;wp-block-button__link&#8221; href=&#8221;https:\/\/pamojah.de\/wp-content\/uploads\/2019\/01\/Beitrittserkl\u00e4rung-Pamojah1.pdf&#8221; data-mce-href=&#8221;https:\/\/pamojah.de\/wp-content\/uploads\/2019\/01\/Beitrittserkl\u00e4rung-Pamojah1.pdf&#8221;&gt;Mitglied werden&lt;\/a&gt;&lt;\/p&gt;<\/p>\n","protected":false},"excerpt":{"rendered":"<p>&lt;p&gt;Pamojah ist ein ostafrikanisches Wort aus dem swahilischem Sprachgebrauch mit der Bedeutung Zusammenhalt und Einigkeit.&lt;!&#8211; \/wp:paragraph &#8211;&gt;&lt;!&#8211; wp:paragraph &#8211;&gt;Wir haben es uns zur Aufgabe gemacht diesem Wort Taten folgen zulassen. Durch diverse Veranstaltungen wie z. B. Live- Konzerte, Festivals und andere Benefiz Aktionen versuchen wir Menschen aus unterschiedlicher Herkunft und Rasse zusammen zu bringen. Der [&hellip;]<\/p>\n","protected":false},"author":1,"featured_media":0,"parent":0,"menu_order":0,"comment_status":"closed","ping_status":"closed","template":"","meta":{"footnotes":""},"class_list":["post-21","page","type-page","status-publish","hentry"],"_links":{"self":[{"href":"https:\/\/pamojah.de\/index.php?rest_route=\/wp\/v2\/pages\/21","targetHints":{"allow":["GET"]}}],"collection":[{"href":"https:\/\/pamojah.de\/index.php?rest_route=\/wp\/v2\/pages"}],"about":[{"href":"https:\/\/pamojah.de\/index.php?rest_route=\/wp\/v2\/types\/page"}],"author":[{"embeddable":true,"href":"https:\/\/pamojah.de\/index.php?rest_route=\/wp\/v2\/users\/1"}],"replies":[{"embeddable":true,"href":"https:\/\/pamojah.de\/index.php?rest_route=%2Fwp%2Fv2%2Fcomments&post=21"}],"version-history":[{"count":22,"href":"https:\/\/pamojah.de\/index.php?rest_route=\/wp\/v2\/pages\/21\/revisions"}],"predecessor-version":[{"id":804,"href":"https:\/\/pamojah.de\/index.php?rest_route=\/wp\/v2\/pages\/21\/revisions\/804"}],"wp:attachment":[{"href":"https:\/\/pamojah.de\/index.php?rest_route=%2Fwp%2Fv2%2Fmedia&parent=21"}],"curies":[{"name":"wp","href":"https:\/\/api.w.org\/{rel}","templated":true}]}}