{"id":35,"date":"2018-12-27T12:32:45","date_gmt":"2018-12-27T12:32:45","guid":{"rendered":"https:\/\/pamojah.de\/?page_id=35"},"modified":"2019-07-01T09:26:11","modified_gmt":"2019-07-01T09:26:11","slug":"vereinssatzung","status":"publish","type":"page","link":"https:\/\/pamojah.de\/?page_id=35","title":{"rendered":"Vereinssatzung"},"content":{"rendered":"<div style='padding-bottom:10px; ' class='av-special-heading av-special-heading-h2  blockquote modern-quote modern-centered  '><h2 class='av-special-heading-tag '  itemprop=\"headline\"  >VEREINSSATZUNG<\/h2><div class='special-heading-border'><div class='special-heading-inner-border' ><\/div><\/div><\/div>\r\n<section class=\"av_textblock_section \"  itemscope=\"itemscope\" itemtype=\"https:\/\/schema.org\/CreativeWork\" ><div class='avia_textblock  '  style='font-size:17px; '  itemprop=\"text\" ><p><strong>Satzung <\/strong><\/p>\n<p><!-- \/wp:post-content --><\/p>\n<p><!-- wp:paragraph --><\/p>\n<p><strong>\u00a71 <\/strong>Der Verein Pamojah e.V. mit Sitz in Wiesbaden verfolgt unmittelbar und ausschlie\u00dflich mildt\u00e4tige und gemeinn\u00fctzige Zwecke im Sinne des Abschnitts \u201esteuerbeg\u00fcnstigte Zwecke\u201c der Abgabenordnung.<\/p>\n<p><!-- \/wp:paragraph --><\/p>\n<p><!-- wp:paragraph --><\/p>\n<p>Der Verein dient der F\u00f6rderung mildt\u00e4tiger Zwecke durch die ideelle und materielle F\u00f6rderung anderer steuerbeg\u00fcnstigter K\u00f6rperschaften, K\u00f6rperschaften \u00f6ffentlichen Rechts oder auch ausl\u00e4ndischer K\u00f6rperschaften .<\/p>\n<p><!-- \/wp:paragraph --><\/p>\n<p><!-- wp:paragraph --><\/p>\n<p><strong>\u00a72 Gesch\u00e4ftsjahr <\/strong><\/p>\n<p><!-- \/wp:paragraph --><\/p>\n<p><!-- wp:paragraph --><\/p>\n<p>Gesch\u00e4ftsjahr ist das Kalenderjahr<\/p>\n<p><!-- \/wp:paragraph --><\/p>\n<p><!-- wp:paragraph --><\/p>\n<p><strong>\u00a73 Vereinszweck <\/strong><\/p>\n<p><!-- \/wp:paragraph --><\/p>\n<p><!-- wp:paragraph --><\/p>\n<p>\u2022Integration Afro &#8211; Deutscher Mitb\u00fcrger<br \/>\u2022Bek\u00e4mpfung von Rassismus<br \/>\u2022Suchtpr\u00e4vention bei Jugendlichen<br \/>\u2022Unterst\u00fctzung benachteilige Kinder , Jugendlichen und bed\u00fcrftiger Menschen z.B. Afrika etc.<\/p>\n<p><!-- \/wp:paragraph --><\/p>\n<p><!-- wp:paragraph --><\/p>\n<p>Der Satzungszweck wird insbesondere verwirklicht durch: die Beschaffung von Mitteln durch Beitr\u00e4ge, Spenden sowie Musikveranstaltungen der multikulturellen Vereinsmitglieder und diverse Aktionen des Vereins. Dies erm\u00f6glicht unter Anderem Menschen unterschiedlicher Herkunft und Rassen einander n\u00e4her zu bringen und dient der ideellen Werbung f\u00fcr den gef\u00f6rderten Zweck und der Umsetzung von verschiedenen Projekten, Theater-,Tanz-,Sprach-,Musik- und Sport Workshops.<\/p>\n<p><!-- \/wp:paragraph --><\/p>\n<p><!-- wp:paragraph --><\/p>\n<p>\u00a7<strong>4 Selbstlosigkeit <\/strong><\/p>\n<p><!-- \/wp:paragraph --><\/p>\n<p><!-- wp:paragraph --><\/p>\n<p>Der Verein ist selbstlos t\u00e4tig; er verfolgt nicht in erster Linie eigenwirtschaftliche Zwecke. Mittel des Vereins d\u00fcrfen nur f\u00fcr satzungsgem\u00e4\u00dfe Zwecke verwendet werden. Die Mitglieder<\/p>\n<p><!-- \/wp:paragraph --><\/p>\n<p><!-- wp:paragraph --><\/p>\n<p>erhalten keine Zuwendungen aus Mitteln des Vereins.<br \/>Es darf keine Person durch Ausgaben, die dem Zweck der K\u00f6rperschaft fremd sind, oder durch<\/p>\n<p><!-- \/wp:paragraph --><\/p>\n<p><!-- wp:paragraph --><\/p>\n<p>unverh\u00e4ltnism\u00e4\u00dfig hohe Verg\u00fctungen beg\u00fcnstigt werden.<\/p>\n<p><!-- \/wp:paragraph --><\/p>\n<p><!-- wp:paragraph --><\/p>\n<p><strong>\u00a75Mitgliedschaft <\/strong><\/p>\n<p><!-- \/wp:paragraph --><\/p>\n<p><!-- wp:paragraph --><\/p>\n<p>Mitglied Kann jede vollj\u00e4hrige nat\u00fcrliche oder juristische Person werden. Dem schriftlichen Aufnahmeantrag kann der Vorstand innerhalb eines Monats Wiedersprechen.<\/p>\n<p><!-- \/wp:paragraph --><\/p>\n<p><!-- wp:paragraph --><\/p>\n<p>Die Mitgliedschaft endet mit Tod, Austritt oder Ausschluss aus dem Verein.<\/p>\n<p><!-- \/wp:paragraph --><\/p>\n<p><!-- wp:paragraph --><\/p>\n<p>Es werden Mitgliedbeitr\u00e4ge erhoben. \u00dcber die F\u00e4lligkeit und H\u00f6he entscheidet die Mitgliederversammlung.<\/p>\n<p><!-- \/wp:paragraph --><\/p>\n<p><!-- wp:paragraph --><\/p>\n<p>Bei groben Verletzungen der Vereinspflichten, z. B. Nichtzahlung des Mitgliedsbeitrag trotz<\/p>\n<p><!-- \/wp:paragraph --><\/p>\n<p><!-- wp:paragraph --><\/p>\n<p>einmaliger Mahnung, kann der Vorstand den Ausschluss eines Mitglieds beschlie\u00dfen.<\/p>\n<p><!-- \/wp:paragraph --><\/p>\n<p><!-- wp:paragraph --><\/p>\n<p><strong>\u00a76 Mitgliederversammlung <\/strong><\/p>\n<p><!-- \/wp:paragraph --><\/p>\n<p><!-- wp:list {\"ordered\":true} --><\/p>\n<ol>\n<li>(1) \u00a0Die Mitgliederversammlung ist mindestens einmal j\u00e4hrlich vom 1. Vorsitzenden oder seinen Vertretern unter Einhaltung einer Einladungsfrist von vier Wochen durch pers\u00f6nliche Einladung mittels Email oder Brief an die letztbekannte Anschrift an die Vereinsmitglieder einzuberufen. Dabei ist die vom Vorstand Festgesetze Tagesordnung mitzuteilen.<\/li>\n<li>(2) \u00a0Sie ist ferner einzubringen, wenn 1\/3 der Mietglieder dies durch schriftlichen Antrag fordert. In diesem Fall muss die Einberufung sp\u00e4testens vier Wochen nach Eingang des Antrages erfolgen.<\/li>\n<li>(3) \u00a0Aufgaben der Mitgliederversammlung:<br \/>a) Bestimmung der Anzahl, Wahl, Abberufung und Entlastung des Vorstands<br \/>b) Entgegenahme des Jahresberichts des Vorstands und Beschlussverfassung \u00fcber den Vereinshaushalt<br \/>c) Satzungs\u00e4nderungen, \u00c4nderungen des Vereinszwecks und Aufl\u00f6sung des Vereins. d) Bestimmung der Anzahl und Wahl der Revisoren sowie Entgegennahme deren Berichtes<\/li>\n<\/ol>\n<p><!-- \/wp:list --><\/p>\n<p><!-- wp:paragraph --><\/p>\n<p>(1) \u00dcber die Beschl\u00fcsse der Mitgliederversammlung ist ein Protokoll aufzunehmen, das vom<\/p>\n<p><!-- \/wp:paragraph --><\/p>\n<p><!-- wp:paragraph --><\/p>\n<p>Versammlungsleiter und einem Schriftf\u00fchrer zu unterzeichnen ist.<\/p>\n<p><!-- \/wp:paragraph --><\/p>\n<p><!-- wp:paragraph --><\/p>\n<p><strong>\u00a77 Vertretungsberechtigter Vorstand gem. \u00a7 26 BGB <\/strong><\/p>\n<p><!-- \/wp:paragraph --><\/p>\n<p><!-- wp:paragraph --><\/p>\n<p>Der Vorstand besteht aus dem ersten und dem zweitem Vorsitzenden. Jedes Vorstandsmitglied ist einzeln zur Vertretung des Vereins berechtigt.<\/p>\n<p><!-- \/wp:paragraph --><\/p>\n<p><!-- wp:paragraph --><\/p>\n<p><strong>\u00a7 8 Gesch\u00e4ftsf\u00fchrer Vorstand\/ Beirat <\/strong><\/p>\n<p><!-- \/wp:paragraph --><\/p>\n<p><!-- wp:paragraph --><\/p>\n<p>Die Mitgliederversammlung beschlie\u00dft, ob und in welcher Anzahl weitere gesch\u00e4ftsf\u00fchrende , nicht vertretungsberechtigte Vorstandsmitglieder gew\u00e4hlt werden.<\/p>\n<p><!-- \/wp:paragraph --><\/p>\n<p><!-- wp:paragraph --><\/p>\n<p>Der Vorstand ist f\u00fcr alle Vereinsangelegenheiten zust\u00e4ndig, die nicht durch Satzung ausdr\u00fccklich der Mitgliederversammlung zugewiesen sind.<\/p>\n<p><!-- \/wp:paragraph --><\/p>\n<p><!-- wp:paragraph --><\/p>\n<p>Er fasst Beschlusse mit einfacher Mehrheit, hier\u00fcber werden schriftliche Protokolle angefertigt. Der Vorstand ist beschlussf\u00e4hig, wenn mindestens zwei Vorstandsmitglieder anwesend sind, hiervon mindestens eines der Vertretungsberechtigten Vorstandsmitglieder.<\/p>\n<p><!-- \/wp:paragraph --><\/p>\n<p><!-- wp:paragraph --><\/p>\n<p>Die einzelvertretungsberechtigten Vorstandsmitglieder sind an die Mehrheitsbeschl\u00fcsse des Vorstands gebunden.<\/p>\n<p><!-- \/wp:paragraph --><\/p>\n<p><!-- wp:paragraph --><\/p>\n<p>Der Vorstand wird f\u00fcr die Dauer von <strong>2 Jahren <\/strong>gew\u00e4hlt.<br \/>Der Vorstand bleibt bis zur Wahl eines neuen Vorstandes im Amt Vorstandsmitglieder d\u00fcrfen f\u00fcr ihre T\u00e4tigkeit eine angemessene Verg\u00fctung erhalten.<\/p>\n<p><!-- \/wp:paragraph --><\/p>\n<p><!-- wp:paragraph --><\/p>\n<p>Der Vorstand ist berechtigt, eine\/ n Gesch\u00e4ftsf\u00fchrer\/ in mit der Erledigung der laufenden Vereinsgesch\u00e4fte zu betrauen<\/p>\n<p><!-- \/wp:paragraph --><\/p>\n<p><!-- wp:paragraph --><\/p>\n<p><strong>\u00a7 9 Finanzen <\/strong><\/p>\n<p><!-- \/wp:paragraph --><\/p>\n<p><!-- wp:paragraph --><\/p>\n<p>1) Der Verein finanziert sich aus Mitgliedsbeitr\u00e4gen, Spenden und \u00f6ffentlichen Zusch\u00fcssen<\/p>\n<p><!-- \/wp:paragraph --><\/p>\n<p><!-- wp:paragraph --><\/p>\n<p>2)Die Mitglieder erhalten in Ihrer Eigenschaft als Mitglieder keine Zuwendungen aus Mitteln des Vereins.<\/p>\n<p><!-- \/wp:paragraph --><\/p>\n<p><!-- wp:paragraph --><\/p>\n<p>3)Ausgeschiedene Mitglieder haben Keinen Anspruc auf das Vereinsverm\u00f6gen.<\/p>\n<p><!-- \/wp:paragraph --><\/p>\n<p><!-- wp:paragraph --><\/p>\n<p><strong>\u00a7 10 Aufl\u00f6sung des Vereins und Anfall des Vereinsverm\u00f6gens <\/strong><\/p>\n<p><!-- \/wp:paragraph --><\/p>\n<p><!-- wp:paragraph --><\/p>\n<p>Bei Aufl\u00f6sung oder Aufhebung der K\u00f6rperschaft oder bei Wegfall steuerbeg\u00fcnstigter Zwecke f\u00e4llt das Verm\u00f6gen der K\u00f6rperschaft an <strong>Xenia \u2013 interkulturelle Projekte gGmbH, Adlerstra\u00dfe 37, 65183 Wiesbaden<\/strong>, die es unmittelbar und ausschlie\u00dflich f\u00fcr steuerbeg\u00fcnstigte Zwecke zu verwenden hat.<\/p>\n<p><!-- \/wp:paragraph --><\/p>\n<p><!-- wp:paragraph --><\/p>\n<p>Mitgliederversammlung des Vereins Pamojah am 07.02.2015<br \/>Ort der Versammlung: Kontext Wiesbaden, Welfenstra\u00dfe 1b, 65189-Wiesbaden.<\/p>\n<\/div><\/section>","protected":false},"excerpt":{"rendered":"","protected":false},"author":1,"featured_media":0,"parent":21,"menu_order":0,"comment_status":"closed","ping_status":"closed","template":"","meta":{"footnotes":""},"class_list":["post-35","page","type-page","status-publish","hentry"],"_links":{"self":[{"href":"https:\/\/pamojah.de\/index.php?rest_route=\/wp\/v2\/pages\/35","targetHints":{"allow":["GET"]}}],"collection":[{"href":"https:\/\/pamojah.de\/index.php?rest_route=\/wp\/v2\/pages"}],"about":[{"href":"https:\/\/pamojah.de\/index.php?rest_route=\/wp\/v2\/types\/page"}],"author":[{"embeddable":true,"href":"https:\/\/pamojah.de\/index.php?rest_route=\/wp\/v2\/users\/1"}],"replies":[{"embeddable":true,"href":"https:\/\/pamojah.de\/index.php?rest_route=%2Fwp%2Fv2%2Fcomments&post=35"}],"version-history":[{"count":2,"href":"https:\/\/pamojah.de\/index.php?rest_route=\/wp\/v2\/pages\/35\/revisions"}],"predecessor-version":[{"id":271,"href":"https:\/\/pamojah.de\/index.php?rest_route=\/wp\/v2\/pages\/35\/revisions\/271"}],"up":[{"embeddable":true,"href":"https:\/\/pamojah.de\/index.php?rest_route=\/wp\/v2\/pages\/21"}],"wp:attachment":[{"href":"https:\/\/pamojah.de\/index.php?rest_route=%2Fwp%2Fv2%2Fmedia&parent=35"}],"curies":[{"name":"wp","href":"https:\/\/api.w.org\/{rel}","templated":true}]}}